{"id":831,"date":"2022-01-28T16:37:19","date_gmt":"2022-01-28T16:37:19","guid":{"rendered":"https:\/\/www.sehnseits.de\/?page_id=831"},"modified":"2026-04-10T11:25:45","modified_gmt":"2026-04-10T11:25:45","slug":"spende","status":"publish","type":"page","link":"https:\/\/www.sehnseits.de\/?page_id=831","title":{"rendered":"Spende"},"content":{"rendered":"\n<p>Hier findest du alle M\u00f6glichkeiten, wie du uns finanziell unterst\u00fctzen kannst:<\/p>\n\n\n<div class=\"give-embed-form-wrapper\" id=\"give-69dac0d38aad9\"><iframe\n\t\t\t\tname=\"give-embed-form\"\n\t\t\t\tsrc=\"https:\/\/www.sehnseits.de?give_form_id=donation-form-2&#038;giveDonationFormInIframe=1&#038;rest_route=%2Fwp%2Fv2%2Fpages%2F831#038;url_prefix=give\"\n\t\t\t\t\n\t\t\t\tdata-autoScroll=\"0\"\n\t\t\t\tonload=\"if( 'undefined' !== typeof Give ) { Give.initializeIframeResize(this) }\"\n\t\t\t\tstyle=\"border: 0;visibility: hidden;min-height: 721px;\"><\/iframe><div class=\"iframe-loader\">\n<div style=\"\n\t\theight: calc(100% - 28px);\n\t\twidth: calc(100% - 20px);\n\t\tmax-width: 552px;\n\t\tmargin: 10px auto 10px auto;\n\t\tbackground: transparent;\n\t\tborder-radius: 6px;\n\t\tdisplay: flex;\n\t\talign-items: center;\n\t\tjustify-content: center;\n\t\">\n    <div style=\"\n        pointer-events: none;\n        height: 90px;\n        width: 90px;\n        background-image: url(&quot;data:image\/svg+xml;charset=utf8,%3C?xml version='1.0' encoding='utf-8'?%3E%3C!-- Generator: Adobe Illustrator 24.1.0, SVG Export Plug-In . SVG Version: 6.00 Build 0) --%3E%3Csvg version='1.1' id='Layer_1' xmlns='http:\/\/www.w3.org\/2000\/svg' xmlns:xlink='http:\/\/www.w3.org\/1999\/xlink' x='0px' y='0px' viewBox='0 0 349 348' style='enable-background:new 0 0 349 348;' xml:space='preserve'%3E%3Cstyle type='text\/css'%3E .st0{fill:%2328C77B;} %3C\/style%3E%3Cpath class='st0' d='M25.1,204.57c-13.38,0-24.47-10.6-24.97-24.08C0.04,178.09,0,175.97,0,174C0,77.78,78.28-0.5,174.5-0.5 c13.81,0,25,11.19,25,25s-11.19,25-25,25C105.85,49.5,50,105.35,50,174c0,1.37,0.03,2.85,0.1,4.65c0.51,13.8-10.27,25.39-24.07,25.9 C25.72,204.56,25.41,204.57,25.1,204.57z'\/%3E%3Cpath class='st0' d='M174.5,348.5c-13.81,0-25-11.19-25-25c0-13.81,11.19-25,25-25c68.65,0,124.5-55.85,124.5-124.5 c0-1.38-0.03-2.85-0.1-4.65c-0.51-13.8,10.26-25.4,24.06-25.91c13.83-0.53,25.4,10.26,25.91,24.06c0.09,2.39,0.13,4.51,0.13,6.49 C349,270.22,270.72,348.5,174.5,348.5z'\/%3E%3C\/svg%3E&quot;);\n        animation: spin 0.6s linear infinite;\n        \"><\/div>\n<\/div>\n<\/div><\/div>\n\n\n<p><strong>Unsere IBAN: <\/strong>DE75 8306 5408 0005 4934 55<\/p>\n\n\n\n<p><strong>\u00dcber PayPal: (gerne auch monatlich \ud83d\ude42 )<\/strong><\/p>\n\n\n\n<div class=\"wp-block-jetpack-send-a-message\"><\/div>\n\n\n<!-- Begin PayPal Donations by https:\/\/www.tipsandtricks-hq.com\/paypal-donations-widgets-plugin --> <form action=\"https:\/\/www.paypal.com\/cgi-bin\/webscr\" method=\"post\"> <div class=\"paypal-donations\"> <input type=\"hidden\" name=\"cmd\" value=\"_donations\" \/> <input type=\"hidden\" name=\"bn\" value=\"TipsandTricks_SP\" \/> <input type=\"hidden\" name=\"business\" value=\"nicolai@sehnseits.de\" \/> <input type=\"hidden\" name=\"return\" value=\"https:\/\/www.sehnseits.de\/danke-fuer-die-spende\/\" \/> <input type=\"hidden\" name=\"rm\" value=\"0\" \/> <input type=\"hidden\" name=\"currency_code\" value=\"EUR\" \/> <input type=\"image\" style=\"cursor: pointer;\" src=\"https:\/\/www.paypalobjects.com\/de_DE\/DE\/i\/btn\/btn_donateCC_LG.gif\" name=\"submit\" alt=\"PayPal - The safer, easier way to pay online.\" \/> <img decoding=\"async\" alt=\"\" src=\"https:\/\/www.paypalobjects.com\/en_US\/i\/scr\/pixel.gif\" width=\"1\" height=\"1\" \/> <\/div> <\/form> <!-- End PayPal Donations -->\n\n\n\n<p>\u00dcber <strong>Steady<\/strong>:<\/p>\n\n\n\n<div class=\"wp-block-buttons is-layout-flex wp-block-buttons-is-layout-flex\">\n<div class=\"wp-block-button is-style-fill\"><a class=\"wp-block-button__link wp-element-button\" href=\"https:\/\/steady.page\/de\/sehnseits-ev\/about\">Steady<\/a><\/div>\n<\/div>\n\n\n\n<div class=\"wp-block-buttons is-layout-flex wp-block-buttons-is-layout-flex\"><\/div>\n","protected":false},"excerpt":{"rendered":"<p>Hier findest du alle M\u00f6glichkeiten, wie du uns finanziell unterst\u00fctzen kannst: Unsere IBAN: DE75 8306 5408 0005 4934 55 \u00dcber &hellip; <a href=\"https:\/\/www.sehnseits.de\/?page_id=831\" class=\"more-link\">Continue reading <span class=\"screen-reader-text\">Spende<\/span><\/a><\/p>\n","protected":false},"author":1,"featured_media":0,"parent":0,"menu_order":0,"comment_status":"closed","ping_status":"closed","template":"","meta":{"give_campaign_id":0,"_vp_format_video_url":"","_vp_image_focal_point":[],"footnotes":""},"class_list":["post-831","page","type-page","status-publish","hentry"],"campaignId":"","_links":{"self":[{"href":"https:\/\/www.sehnseits.de\/index.php?rest_route=\/wp\/v2\/pages\/831","targetHints":{"allow":["GET"]}}],"collection":[{"href":"https:\/\/www.sehnseits.de\/index.php?rest_route=\/wp\/v2\/pages"}],"about":[{"href":"https:\/\/www.sehnseits.de\/index.php?rest_route=\/wp\/v2\/types\/page"}],"author":[{"embeddable":true,"href":"https:\/\/www.sehnseits.de\/index.php?rest_route=\/wp\/v2\/users\/1"}],"replies":[{"embeddable":true,"href":"https:\/\/www.sehnseits.de\/index.php?rest_route=%2Fwp%2Fv2%2Fcomments&post=831"}],"version-history":[{"count":8,"href":"https:\/\/www.sehnseits.de\/index.php?rest_route=\/wp\/v2\/pages\/831\/revisions"}],"predecessor-version":[{"id":2200,"href":"https:\/\/www.sehnseits.de\/index.php?rest_route=\/wp\/v2\/pages\/831\/revisions\/2200"}],"wp:attachment":[{"href":"https:\/\/www.sehnseits.de\/index.php?rest_route=%2Fwp%2Fv2%2Fmedia&parent=831"}],"curies":[{"name":"wp","href":"https:\/\/api.w.org\/{rel}","templated":true}]}}